{"id":7627,"date":"2020-05-07T15:18:18","date_gmt":"2020-05-07T13:18:18","guid":{"rendered":"https:\/\/soudax.com\/?page_id=7627"},"modified":"2020-11-02T14:52:24","modified_gmt":"2020-11-02T13:52:24","slug":"la-micro-soldadura-por-resistancia-y-por-puntos","status":"publish","type":"page","link":"https:\/\/soudax.com\/es\/la-micro-soldadura-por-resistancia-y-por-puntos\/","title":{"rendered":"LA MICRO-SOLDADURA POR RESISTENCIA Y POR PUNTOS"},"content":{"rendered":"<p>La micro-soldadura por resistencia y por puntos es un medio de uni\u00f3n permanente que permite conseguir una continuidad materia de los aleones met\u00e1licos unidos. Dicha t\u00e9cnica de soldadura permite la uni\u00f3n permanente por fusi\u00f3n de los bordes de las piezas a unir y evita el uso del metal de relleno tanto en las piezas como en los productos de uni\u00f3n.\u00a0<strong>La soldadura por puntos <\/strong>es la uni\u00f3n perfecta de piezas met\u00e1licas.<\/p>\n<h2>La soldadura el\u00e9ctrica por resistancia<\/h2>\n<p>El mundo debe agradecer la creaci\u00f3n de la\u00a0<strong>soldadura el\u00e9ctrica por resistencia y por puntos<\/strong>\u00a0al ingl\u00e9s Elihu Tomsom. Este ingeniero posee algunos patentes en el \u00e1mbito de la soldadura por punto a su nombre.<\/p>\n<p>La soldadura el\u00e9ctrica por resistencia consiste en a unir por fusi\u00f3n aut\u00f3gena las piezas a soldar someti\u00e9ndolas a la presi\u00f3n de dos piezas met\u00e1licas. Qui\u00e9n dice soldadura dice calor. Con la soldadura por resistencia, el calor necesario para la <strong>soldadura<\/strong> proviene del efecto Joule (fen\u00f3meno t\u00e9rmico de la resistencia el\u00e9ctrica, dicho calor se produce durante el flujo de la corriente a trav\u00e9s de la materia conductiva) de una corriente de fuerte intensidad y de bajo voltaje, atravesando las piezas a unir. En efecto, se necesita muchos amperios y poco voltaje. La aplicaci\u00f3n de un esfuerzo de forja permite asegurar la interpenetraci\u00f3n met\u00e1lica.<br \/>\nLas piezas para unir permanecen apretadas entre dos electrodos, podr\u00e1n estar enfriadas o no seg\u00fan dos factores: las corrientes o los tiempos de circulaci\u00f3n de la corriente. Para la instalaci\u00f3n de un enfriamiento, hay que tener en cuenta los factores de marcha y cadencia de la m\u00e1quina. Durante el tiempo de circulaci\u00f3n de la corriente, para lograr la temperatura de fusi\u00f3n de los materiales a soldar, existe un calentamiento en todo el espesor de las piezas entre los electrodos. Los electrodos permiten de enfriar el punto de soldadura.<\/p>\n<p>Para lograr un punto de soldadura correcto, hace falta compensar las p\u00e9rdidas t\u00e9rmicas. Para alcanzarlo, la potencia el\u00e9ctrica suministrada tendr\u00e1 que ser suficientemente r\u00e1pida y potente. Es este calor que producir\u00e1 la fusi\u00f3n de los materiales met\u00e1licos. Con la soldadura por resistencia, el punto de soldadura se desarrolla en la l\u00ednea de uni\u00f3n de las dos piezas en contactos. Todas las diferentes formas de soldadura por resistencia incluyen una etapa de forja con una importancia metal\u00fargica fundamental.<\/p>\n<h2>La teor\u00eda de la micro-soldadura por resistencia por puntos<\/h2>\n<p>En la <strong>soldadura por resistencia por puntos<\/strong>, dos electrodos de cobre en\u00e9rgicamente enfriadas se aprietan entre ellas las piezas para unirse. Un calentamiento se produce por efecto Joule en todo el espesor de las pizas entre los electrodos al paso de la circulaci\u00f3n de la corriente de bajo voltaje.<\/p>\n<p>Las resistencias de contacto entre los electrodos y las piezas tienen que ser las m\u00e1s bajas posibles, el calentamiento m\u00e1ximo se produce a la interfaz de las piezas, y a trav\u00e9s de ese contacto se forma un n\u00facleo de metal l\u00edquido que se mantiene en su lugar gracias al esfuerzo ejercido a trav\u00e9s de los electrodos. Ese esfuerzo es preponderante porque cumple una funci\u00f3n esencial durante todas las etapas del ciclo de soldadura.<\/p>\n<h2>La funcion del esfuerzo ejercido a trav\u00e9s de los electrodos durante el cilo de soldadura<\/h2>\n<p>El esfuerzo sobre los electrodos en primer lugar, al cierre, acerca las piezas a soldar una contra la otra causando un contacto en el lugar d\u00f3nde se quiere formar el punto de soldadura.<\/p>\n<p>Luego, durante la circulaci\u00f3n de la corriente, ese esfuerzo mantiene la sujeci\u00f3n adecuada. Tambi\u00e9n permite oponerse a la destrucci\u00f3n del crisol pl\u00e1stico que contiene el n\u00facleo de metal en fusi\u00f3n, bajo la influencia de la dilataci\u00f3n.<\/p>\n<p>En la tercera <strong>etapa de soldadura<\/strong>, al enfriamiento, durante la solidificaci\u00f3n del n\u00facleo, el esfuerzo es generalmente superior a ese aplicado durante las dos primeras etapas. Permite disminuir el volumen de la contracci\u00f3n y de refinar el tama\u00f1o del grano del metal, lo que permite aumentar las caracter\u00edsticas mec\u00e1nicas.<\/p>\n<p>Este ciclo de soldadura elemental puede a veces ser m\u00e1s complicado. En efecto, puede incluir por ejemplo unos esfuerzos variables en funci\u00f3n de algunos par\u00e1metros como las fases sobre los electrodos, los periodos de pre y post calentamiento, el temple, recocido, etc.<\/p>\n<p><img loading=\"lazy\" decoding=\"async\" class=\"alignnone wp-image-7579 size-full\" src=\"https:\/\/soudax.com\/wp-content\/uploads\/2020\/01\/micro-soudure-par-resistance.jpeg\" alt=\"micro-soldadura-por-resistencia\" width=\"492\" height=\"327\" srcset=\"https:\/\/soudax.com\/wp-content\/uploads\/2020\/01\/micro-soudure-par-resistance.jpeg 492w, https:\/\/soudax.com\/wp-content\/uploads\/2020\/01\/micro-soudure-par-resistance-300x199.jpeg 300w\" sizes=\"auto, (max-width: 492px) 100vw, 492px\" \/><\/p>\n<h2>Los ambitos de aplicaciones de la soldadura por resistencia por puntos<\/h2>\n<p>La soldadura por resistencia por puntos se aplica principalmente a los ensamblajes de superposici\u00f3n de chapas de espesores iguales o de espesores diferentes. La soldadura por resistencia por puntos tambi\u00e9n permite, en chapas finas, de superponer y soldar al mismo tiempo tres o cuatro espesores juntos.<\/p>\n<p>La t\u00e9cnica de ensamblaje por puntos es propicia para la automatizaci\u00f3n y se caracteriza sobre todo por su rapidez de ejecuci\u00f3n, con un tiempo de soldadura de 35 cent\u00e9sima por segundo sobre un acero de un espesor de 2mm y una cadencia de 500 puntos de soldadura por minuto.<\/p>\n<p>Adem\u00e1s, la <strong>micro-soldadura por resistencia por puntos<\/strong>\u00a0es aplicable a varios materiales tales como los aceros sin aleaci\u00f3n, de baja aleaci\u00f3n o alto aleaci\u00f3n, aleaciones ligeras, n\u00edquel y aleaciones de n\u00edquel\u2026<\/p>\n<p>La soldadura por puntos se aplica tambi\u00e9n en la fabricaci\u00f3n de autom\u00f3viles, de material ferroviario, de equipos electrodom\u00e9sticos, en mobiliario y en los embalajes met\u00e1licos.<\/p>\n<h2>Los elementos tipicos de una m\u00e1quina de soldadura por puntos<\/h2>\n<h3><em>Un equipo de control<\/em><\/h3>\n<p>El equipo de control permite suministrar los tiempos del ciclo de soldadura, coordinando la bajada del electrodo superior y la electr\u00f3nica de potencia. El equipo de control permite tambi\u00e9n fijar y guardar en memoria los valores programados de:<\/p>\n<ul>\n<li>Tiempo de las diferentes etapas del ciclo de soldadura.<\/li>\n<li>Intensidad.<\/li>\n<li>El esfuerzo.<\/li>\n<\/ul>\n<h3><em>Un transformador<\/em><\/h3>\n<p>El transformador de potencia permite modificar los valores de tensi\u00f3n y de intensidad de la corriente.<\/p>\n<h3><em>Una electr\u00f3nica de potencia<\/em><\/h3>\n<p>La electr\u00f3nica de potencia se refiere a los dispositivos que permiten cambiar la forma de la energ\u00eda el\u00e9ctrica.<\/p>\n<h3><em>La parte operativa<\/em><\/h3>\n<p>La parte operativa (pinzas, l\u00e1pices o cabezales de soldadura) esta compuesta de elementos mec\u00e1nicos que aplican una presi\u00f3n sobre las piezas, as\u00ed como los elementos el\u00e9ctricos que conducen la intensidad de soldadura. Con generadores de alta potencia, la parte operativa esta generalmente conectada directamente al generador de potencia. Sin embargo, en micro-soldadura por resistencia, y por las razones de peso y de maniobrabilidad, los transformadores est\u00e1n separados de la parte operativa.<\/p>\n","protected":false},"excerpt":{"rendered":"<p>La micro-soldadura por resistencia y por puntos es un medio de uni\u00f3n permanente que permite conseguir una continuidad materia de los aleones met\u00e1licos unidos. Dicha t\u00e9cnica de soldadura permite la uni\u00f3n permanente por fusi\u00f3n de los bordes de las piezas a unir y evita el uso del metal de relleno tanto en las piezas como [&hellip;]<\/p>\n","protected":false},"author":2,"featured_media":0,"parent":0,"menu_order":0,"comment_status":"closed","ping_status":"closed","template":"content.php","meta":{"_acf_changed":false,"footnotes":""},"class_list":["post-7627","page","type-page","status-publish","hentry"],"acf":[],"yoast_head":"<!-- This site is optimized with the Yoast SEO plugin v26.8 - https:\/\/yoast.com\/product\/yoast-seo-wordpress\/ -->\n<title>Soudax, el especialista en micro-soldadura por resistencia por puntos<\/title>\n<meta name=\"description\" content=\"Confiar vuestros proyectos de soldadura por punto a un especialista en micro soldadura que sabr\u00e1 realizar ensamblajes que requiere precisi\u00f3n en la soldadura\" \/>\n<meta name=\"robots\" content=\"index, follow, max-snippet:-1, max-image-preview:large, max-video-preview:-1\" \/>\n<link rel=\"canonical\" href=\"https:\/\/soudax.com\/es\/la-micro-soldadura-por-resistancia-y-por-puntos\/\" \/>\n<meta property=\"og:locale\" content=\"es_ES\" \/>\n<meta property=\"og:type\" content=\"article\" \/>\n<meta property=\"og:title\" content=\"Soudax, el especialista en micro-soldadura por resistencia por puntos\" \/>\n<meta property=\"og:description\" content=\"Confiar vuestros proyectos de soldadura por punto a un especialista en micro soldadura que sabr\u00e1 realizar ensamblajes que requiere precisi\u00f3n en la soldadura\" \/>\n<meta property=\"og:url\" content=\"https:\/\/soudax.com\/es\/la-micro-soldadura-por-resistancia-y-por-puntos\/\" \/>\n<meta property=\"og:site_name\" content=\"Soudax\" \/>\n<meta property=\"article:modified_time\" content=\"2020-11-02T13:52:24+00:00\" \/>\n<meta property=\"og:image\" content=\"https:\/\/soudax.com\/wp-content\/uploads\/2020\/01\/micro-soudure-par-resistance.jpeg\" \/>\n\t<meta property=\"og:image:width\" content=\"492\" \/>\n\t<meta property=\"og:image:height\" content=\"327\" \/>\n\t<meta property=\"og:image:type\" content=\"image\/jpeg\" \/>\n<meta name=\"twitter:card\" content=\"summary_large_image\" \/>\n<meta name=\"twitter:label1\" content=\"Est. reading time\" \/>\n\t<meta name=\"twitter:data1\" content=\"6 minutes\" \/>\n<script type=\"application\/ld+json\" class=\"yoast-schema-graph\">{\"@context\":\"https:\/\/schema.org\",\"@graph\":[{\"@type\":\"WebPage\",\"@id\":\"https:\/\/soudax.com\/es\/la-micro-soldadura-por-resistancia-y-por-puntos\/\",\"url\":\"https:\/\/soudax.com\/es\/la-micro-soldadura-por-resistancia-y-por-puntos\/\",\"name\":\"Soudax, el especialista en micro-soldadura por resistencia por puntos\",\"isPartOf\":{\"@id\":\"https:\/\/soudax.com\/es\/#website\"},\"primaryImageOfPage\":{\"@id\":\"https:\/\/soudax.com\/es\/la-micro-soldadura-por-resistancia-y-por-puntos\/#primaryimage\"},\"image\":{\"@id\":\"https:\/\/soudax.com\/es\/la-micro-soldadura-por-resistancia-y-por-puntos\/#primaryimage\"},\"thumbnailUrl\":\"https:\/\/soudax.com\/wp-content\/uploads\/2020\/01\/micro-soudure-par-resistance.jpeg\",\"datePublished\":\"2020-05-07T13:18:18+00:00\",\"dateModified\":\"2020-11-02T13:52:24+00:00\",\"description\":\"Confiar vuestros proyectos de soldadura por punto a un especialista en micro soldadura que sabr\u00e1 realizar ensamblajes que requiere precisi\u00f3n en la soldadura\",\"breadcrumb\":{\"@id\":\"https:\/\/soudax.com\/es\/la-micro-soldadura-por-resistancia-y-por-puntos\/#breadcrumb\"},\"inLanguage\":\"es-ES\",\"potentialAction\":[{\"@type\":\"ReadAction\",\"target\":[\"https:\/\/soudax.com\/es\/la-micro-soldadura-por-resistancia-y-por-puntos\/\"]}]},{\"@type\":\"ImageObject\",\"inLanguage\":\"es-ES\",\"@id\":\"https:\/\/soudax.com\/es\/la-micro-soldadura-por-resistancia-y-por-puntos\/#primaryimage\",\"url\":\"https:\/\/soudax.com\/wp-content\/uploads\/2020\/01\/micro-soudure-par-resistance.jpeg\",\"contentUrl\":\"https:\/\/soudax.com\/wp-content\/uploads\/2020\/01\/micro-soudure-par-resistance.jpeg\"},{\"@type\":\"BreadcrumbList\",\"@id\":\"https:\/\/soudax.com\/es\/la-micro-soldadura-por-resistancia-y-por-puntos\/#breadcrumb\",\"itemListElement\":[{\"@type\":\"ListItem\",\"position\":1,\"name\":\"Home\",\"item\":\"https:\/\/soudax.com\/es\/\"},{\"@type\":\"ListItem\",\"position\":2,\"name\":\"LA MICRO-SOLDADURA POR RESISTENCIA Y POR PUNTOS\"}]},{\"@type\":\"WebSite\",\"@id\":\"https:\/\/soudax.com\/es\/#website\",\"url\":\"https:\/\/soudax.com\/es\/\",\"name\":\"Soudax\",\"description\":\"Soudax Equipements\",\"publisher\":{\"@id\":\"https:\/\/soudax.com\/es\/#organization\"},\"potentialAction\":[{\"@type\":\"SearchAction\",\"target\":{\"@type\":\"EntryPoint\",\"urlTemplate\":\"https:\/\/soudax.com\/es\/?s={search_term_string}\"},\"query-input\":{\"@type\":\"PropertyValueSpecification\",\"valueRequired\":true,\"valueName\":\"search_term_string\"}}],\"inLanguage\":\"es-ES\"},{\"@type\":\"Organization\",\"@id\":\"https:\/\/soudax.com\/es\/#organization\",\"name\":\"Soudax\",\"url\":\"https:\/\/soudax.com\/es\/\",\"logo\":{\"@type\":\"ImageObject\",\"inLanguage\":\"es-ES\",\"@id\":\"https:\/\/soudax.com\/es\/#\/schema\/logo\/image\/\",\"url\":\"https:\/\/soudax.com\/wp-content\/uploads\/2016\/07\/cropped-SOUDAX_LOGO_C_ROUGE-01-2.jpg\",\"contentUrl\":\"https:\/\/soudax.com\/wp-content\/uploads\/2016\/07\/cropped-SOUDAX_LOGO_C_ROUGE-01-2.jpg\",\"width\":940,\"height\":300,\"caption\":\"Soudax\"},\"image\":{\"@id\":\"https:\/\/soudax.com\/es\/#\/schema\/logo\/image\/\"}}]}<\/script>\n<!-- \/ Yoast SEO plugin. -->","yoast_head_json":{"title":"Soudax, el especialista en micro-soldadura por resistencia por puntos","description":"Confiar vuestros proyectos de soldadura por punto a un especialista en micro soldadura que sabr\u00e1 realizar ensamblajes que requiere precisi\u00f3n en la soldadura","robots":{"index":"index","follow":"follow","max-snippet":"max-snippet:-1","max-image-preview":"max-image-preview:large","max-video-preview":"max-video-preview:-1"},"canonical":"https:\/\/soudax.com\/es\/la-micro-soldadura-por-resistancia-y-por-puntos\/","og_locale":"es_ES","og_type":"article","og_title":"Soudax, el especialista en micro-soldadura por resistencia por puntos","og_description":"Confiar vuestros proyectos de soldadura por punto a un especialista en micro soldadura que sabr\u00e1 realizar ensamblajes que requiere precisi\u00f3n en la soldadura","og_url":"https:\/\/soudax.com\/es\/la-micro-soldadura-por-resistancia-y-por-puntos\/","og_site_name":"Soudax","article_modified_time":"2020-11-02T13:52:24+00:00","og_image":[{"width":492,"height":327,"url":"https:\/\/soudax.com\/wp-content\/uploads\/2020\/01\/micro-soudure-par-resistance.jpeg","type":"image\/jpeg"}],"twitter_card":"summary_large_image","twitter_misc":{"Est. reading time":"6 minutes"},"schema":{"@context":"https:\/\/schema.org","@graph":[{"@type":"WebPage","@id":"https:\/\/soudax.com\/es\/la-micro-soldadura-por-resistancia-y-por-puntos\/","url":"https:\/\/soudax.com\/es\/la-micro-soldadura-por-resistancia-y-por-puntos\/","name":"Soudax, el especialista en micro-soldadura por resistencia por puntos","isPartOf":{"@id":"https:\/\/soudax.com\/es\/#website"},"primaryImageOfPage":{"@id":"https:\/\/soudax.com\/es\/la-micro-soldadura-por-resistancia-y-por-puntos\/#primaryimage"},"image":{"@id":"https:\/\/soudax.com\/es\/la-micro-soldadura-por-resistancia-y-por-puntos\/#primaryimage"},"thumbnailUrl":"https:\/\/soudax.com\/wp-content\/uploads\/2020\/01\/micro-soudure-par-resistance.jpeg","datePublished":"2020-05-07T13:18:18+00:00","dateModified":"2020-11-02T13:52:24+00:00","description":"Confiar vuestros proyectos de soldadura por punto a un especialista en micro soldadura que sabr\u00e1 realizar ensamblajes que requiere precisi\u00f3n en la soldadura","breadcrumb":{"@id":"https:\/\/soudax.com\/es\/la-micro-soldadura-por-resistancia-y-por-puntos\/#breadcrumb"},"inLanguage":"es-ES","potentialAction":[{"@type":"ReadAction","target":["https:\/\/soudax.com\/es\/la-micro-soldadura-por-resistancia-y-por-puntos\/"]}]},{"@type":"ImageObject","inLanguage":"es-ES","@id":"https:\/\/soudax.com\/es\/la-micro-soldadura-por-resistancia-y-por-puntos\/#primaryimage","url":"https:\/\/soudax.com\/wp-content\/uploads\/2020\/01\/micro-soudure-par-resistance.jpeg","contentUrl":"https:\/\/soudax.com\/wp-content\/uploads\/2020\/01\/micro-soudure-par-resistance.jpeg"},{"@type":"BreadcrumbList","@id":"https:\/\/soudax.com\/es\/la-micro-soldadura-por-resistancia-y-por-puntos\/#breadcrumb","itemListElement":[{"@type":"ListItem","position":1,"name":"Home","item":"https:\/\/soudax.com\/es\/"},{"@type":"ListItem","position":2,"name":"LA MICRO-SOLDADURA POR RESISTENCIA Y POR PUNTOS"}]},{"@type":"WebSite","@id":"https:\/\/soudax.com\/es\/#website","url":"https:\/\/soudax.com\/es\/","name":"Soudax","description":"Soudax Equipements","publisher":{"@id":"https:\/\/soudax.com\/es\/#organization"},"potentialAction":[{"@type":"SearchAction","target":{"@type":"EntryPoint","urlTemplate":"https:\/\/soudax.com\/es\/?s={search_term_string}"},"query-input":{"@type":"PropertyValueSpecification","valueRequired":true,"valueName":"search_term_string"}}],"inLanguage":"es-ES"},{"@type":"Organization","@id":"https:\/\/soudax.com\/es\/#organization","name":"Soudax","url":"https:\/\/soudax.com\/es\/","logo":{"@type":"ImageObject","inLanguage":"es-ES","@id":"https:\/\/soudax.com\/es\/#\/schema\/logo\/image\/","url":"https:\/\/soudax.com\/wp-content\/uploads\/2016\/07\/cropped-SOUDAX_LOGO_C_ROUGE-01-2.jpg","contentUrl":"https:\/\/soudax.com\/wp-content\/uploads\/2016\/07\/cropped-SOUDAX_LOGO_C_ROUGE-01-2.jpg","width":940,"height":300,"caption":"Soudax"},"image":{"@id":"https:\/\/soudax.com\/es\/#\/schema\/logo\/image\/"}}]}},"_links":{"self":[{"href":"https:\/\/soudax.com\/es\/wp-json\/wp\/v2\/pages\/7627","targetHints":{"allow":["GET"]}}],"collection":[{"href":"https:\/\/soudax.com\/es\/wp-json\/wp\/v2\/pages"}],"about":[{"href":"https:\/\/soudax.com\/es\/wp-json\/wp\/v2\/types\/page"}],"author":[{"embeddable":true,"href":"https:\/\/soudax.com\/es\/wp-json\/wp\/v2\/users\/2"}],"replies":[{"embeddable":true,"href":"https:\/\/soudax.com\/es\/wp-json\/wp\/v2\/comments?post=7627"}],"version-history":[{"count":5,"href":"https:\/\/soudax.com\/es\/wp-json\/wp\/v2\/pages\/7627\/revisions"}],"predecessor-version":[{"id":7692,"href":"https:\/\/soudax.com\/es\/wp-json\/wp\/v2\/pages\/7627\/revisions\/7692"}],"wp:attachment":[{"href":"https:\/\/soudax.com\/es\/wp-json\/wp\/v2\/media?parent=7627"}],"curies":[{"name":"wp","href":"https:\/\/api.w.org\/{rel}","templated":true}]}}