{"id":7634,"date":"2020-05-13T10:49:27","date_gmt":"2020-05-13T08:49:27","guid":{"rendered":"https:\/\/soudax.com\/?page_id=7634"},"modified":"2020-05-13T10:55:18","modified_gmt":"2020-05-13T08:55:18","slug":"der-widerstandsschweissprozess","status":"publish","type":"page","link":"https:\/\/soudax.com\/de\/der-widerstandsschweissprozess\/","title":{"rendered":"Der Widerstandsschweissprozess"},"content":{"rendered":"<p>Das Widerstandsschwei\u00dfen ist ein Prozess, bei dem W\u00e4rme an der Kontaktfl\u00e4che erzeugt wird, indem elektrischer Strom durch sie geleitet wird. Die Durchf\u00fchrung erfolgt unter Kontrolle von Zeit und Druck. Der Begriff leitet sich aus der Tatsache ab, dass der Widerstand zwischen Werkst\u00fcck und Elektroden zur Erzeugung der W\u00e4rme an der Kontaktfl\u00e4che verwendet wird. Diese Technologie wird in der Fertigungsindustrie von Blechen und Bauteilen eingesetzt. Heutzutage ist es Teil industrieller Prozesse.<\/p>\n<p><strong>\u00a0<\/strong><\/p>\n<p><strong>Die Geschichte des Widerstandsschwei\u00dfens<\/strong><\/p>\n<p>Es gab eine Zeit, in der das Schwei\u00dfen von Metall durchgef\u00fchrt wurde, indem die Metalle auf ihre Schmelzpunkte erhitzt und dann zusammengepresst wurden. Mit der Elektrizit\u00e4t hat sich die Schwei\u00dftechnik erheblich weiterentwickelt. Widerstandsschwei\u00dfen, Lichtbogenschwei\u00dfen und Gasschwei\u00dfen sind fortgeschrittene Formen dieses Ph\u00e4nomens. Jetzt sind auch Ultraschall-, Elektronenstrahl- und Laserschwei\u00dfen hinzugekommen. Die Widerstandsschwei\u00dfarbeit, welche mit enormen Vorteilen verbunden ist, hat seit vielen Jahren zum Wachstum der Industrie beigetragen.<\/p>\n<p><strong>\u00a0<\/strong><\/p>\n<p><strong>Prinzip des Widerstandsschwei\u00dfens<\/strong><\/p>\n<p>Das Prinzip ist einfach. Druck und Strom werden durch die Elektroden \u00fcbertragen. Die Widerstandsw\u00e4rme wird an der Kontaktfl\u00e4che der Metallteile erzeugt. Es entstehen die Schmelzfugen. Obwohl eine enorme Menge an Strom flie\u00dft besteht keine Gefahr eines Stromschlags, da mit Niederspannung gearbeitet wird.<\/p>\n<p><strong>\u00a0<\/strong><\/p>\n<p><strong>Merkmale des Widerstandsschwei\u00dfens<\/strong><\/p>\n<ul>\n<li>Eines der interessanten Merkmale der Widerstandsschwei\u00dfarbeit ist, dass kein Material zugegeben wird, wie z.B. L\u00f6tmittel. Geschwei\u00dfte Teile lassen sich leicht recyceln.<\/li>\n<li>W\u00e4hrend des Prozesses werden keine ultravioletten Strahlen erzeugt. So stehen ordentliche und saubere Teile zur Verf\u00fcgung.<\/li>\n<li>Es ist einfach durchzuf\u00fchren. Ein einfacher Tastendruck f\u00fchrt zur Automatisierung. Schulungen, wie beim Lichtbogenschwei\u00dfen und Gasschwei\u00dfen sind nicht erforderlich.<\/li>\n<li>Widerstandsschwei\u00dfarbeiten sind ein kosteng\u00fcnstiger Produktionsprozess f\u00fcr gro\u00dfe Volumen. Das Schwei\u00dfen kann effizient und ohne gro\u00dfen Zeitaufwand durchgef\u00fchrt werden.<\/li>\n<li>Die Dauer des Prozesses ist kurz. Werkst\u00fccke werden nicht von der Hitze verformt.<\/li>\n<li>Die Optimierung des Prozesses h\u00e4ngt vom Material und der Dicke der zu verschwei\u00dfenden Teile ab. Eine elektrische Anlage sollte aufgrund der Verwendung eines starken Stroms vorhanden sein.<\/li>\n<\/ul>\n<p>&nbsp;<\/p>\n<p>&nbsp;<\/p>\n<p><strong>Anwendungen des Widerstandsschwei\u00dfens<\/strong><\/p>\n<ul>\n<li>Widerstandsschwei\u00dfarbeiten werden viel in der Automobilindustrie eingesetzt. Es wird speziell zur Herstellung von Schrauben und Muttern verwendet.<\/li>\n<li>Mit dem Rollnahtschwei\u00dfen werden Wassertanks und Kessel hergestellt.<\/li>\n<li>Das Widerstandsschwei\u00dfen wird beim Schwei\u00dfen von Rohren verwendet<\/li>\n<\/ul>\n<p><strong>\u00a0<\/strong><\/p>\n<p><strong>Arten des Widerstandsschwei\u00dfens<\/strong><\/p>\n<ul>\n<li>Punktschwei\u00dfen<\/li>\n<li>Projektionsschwei\u00dfen<\/li>\n<li>Rollnahtschwei\u00dfen<\/li>\n<li>Stumpfschwei\u00dfen<\/li>\n<\/ul>\n<p>&nbsp;<\/p>\n<p><strong>Punktschwei\u00dfen<\/strong><\/p>\n<p>Punktschwei\u00dfen ist der vorherrschende Prozess in der Automobilindustrie. Es wird bei der Montage von Karosserien und gro\u00dfen Bauteilen eingesetzt. Es wird zur Herstellung von M\u00f6beln und anderen Haushaltsprodukten verwendet. Bei diesem Verfahren wird die Strom- und W\u00e4rmeerzeugung in Form einer Elektrode lokalisiert.<\/p>\n<p>&nbsp;<\/p>\n<p><strong>Projektionsschwei\u00dfen<\/strong><\/p>\n<p>Bei diesem Widerstandsschwei\u00dfverfahren werden speziell entwickelte Elektroden verwendet, um die Form des Werkst\u00fccks zu ver\u00e4ndern. Das Projektionsschwei\u00dfen wird in der Elektro-, Elektronik-, Automobil- und Bauindustrie eingesetzt. Dieses Verfahren wird bei der Herstellung von Sensoren, Ventilen und Pumpen verwendet.<\/p>\n<p>&nbsp;<\/p>\n<p><strong>Rollnahtschwei\u00dfen<\/strong><\/p>\n<p>Bei Widerstandsschwei\u00dfarbeiten dieser Art wird die Verbindungen durch kontinuierliche Rotation zweier Elektroden durchgef\u00fchrt, die aus rotierenden R\u00e4dern bestehen, und kontinuierlich dicht schwei\u00dfen. Das Rollnahtschwei\u00dfen wird bei der Herstellung von Beh\u00e4ltern, Heizk\u00f6rpern, W\u00e4rmetauschern usw. angewendet.<\/p>\n<p>&nbsp;<\/p>\n<p><strong>Stumpfschwei\u00dfen<\/strong><\/p>\n<p>Es ist ein Schmiedevorgang, der auf das erhitzte Werkst\u00fcck angewendet wird. Es ist ein Widerstands-schwei\u00dfarbeitsverfahren, um Metallplatten oder -stangen mittels einer aufgebrachten Elektrodenkraft zu verbinden, die das Werkst\u00fcck an den zu verbinden Enden einklemmen. Es wird f\u00fcr den Herstellungsprozess von Felgen, Drahtverbindungen und Eisenbahnschienenverbindungen verwendet.<\/p>\n<p>&nbsp;<\/p>\n<p><strong>Eigenschaften eines Schwei\u00dfger\u00e4ts<\/strong><\/p>\n<p>Der Prozess der Widerstandsschwei\u00dfarbeit wird stark durch die elektrischen und mechanischen Eigenschaften des Schwei\u00dfger\u00e4ts beeinflusst.<\/p>\n<ul>\n<li>Die Gesamtschwei\u00dfzeit ist sehr kurz. Daher ist die Schwei\u00dfzeit der Rampe kritisch. Es ist wichtig, den Faktor des Magnetverlusts beim Punktschwei\u00dfen zu ber\u00fccksichtigen.<\/li>\n<li>Eine der wichtigsten mechanischen Eigenschaften ist die Beschleunigung sowie die Rigidit\u00e4t des Rahmens.<\/li>\n<li>Die dynamische Reaktionszeit ist bei Widerstandsschwei\u00dfarbeit besonders wichtig. Der Induktionsverlust aufgrund der Gr\u00f6\u00dfe des Schwei\u00dfzyklus und des verbrauchten Materials.<\/li>\n<li>Die Stromst\u00e4rke ist abh\u00e4ngig von der Geometrie der Elektroden.<\/li>\n<li>F\u00fcr verschiedene Metalldicken sind unterschiedliche Schwei\u00dfstr\u00f6me erforderlich.<\/li>\n<li>Die Einstellungen bei Widerstandsschwei\u00dfarbeiten erfordern spezielle Parameter, abh\u00e4ngig von der Oberfl\u00e4chenbeschaffenheit des Werkst\u00fccks.<\/li>\n<\/ul>\n<p>&nbsp;<\/p>\n<p><strong>Materialeigenschaften<\/strong><\/p>\n<ul>\n<li>Der spezifische Widerstand des Materials beeinflusst die W\u00e4rmeerzeugung.<\/li>\n<li>Die W\u00e4rmeleitf\u00e4higkeit des Materials und die W\u00e4rmekapazit\u00e4t steuern die W\u00e4rme\u00fcbertragung.<\/li>\n<li>In Silber und Kupfer mit niedrigem spezifischem Widerstand und hoher W\u00e4rmeleitf\u00e4higkeit wird bei hohem Schwei\u00dfstrom nur wenig W\u00e4rme erzeugt.<\/li>\n<li>Silber und Kupfer gelten als gute Materialien f\u00fcr Elektroden. Bei hohem spezifischem Widerstand entsteht mehr W\u00e4rme.<\/li>\n<li>Die H\u00e4rte des Materials beeinflusst den Kontaktwiderstand.<\/li>\n<\/ul>\n<p>&nbsp;<\/p>\n<p><strong>Niederfrequentes und hochfrequentes elektrisches Widerstandsschwei\u00dfen<\/strong><\/p>\n<p>Dies ist eine Methode zum Schwei\u00dfen von N\u00e4hten in \u00d6l- und Gasleitungen. Das durch dieses Verfahren hergestellte Rohr bildet ein Stahlblech in einer zylindrischen Form. Der Strom wird an die Kanten des Stahls geleitet, um den Stahl zu erw\u00e4rmen, so dass eine Verbindung ohne Verwendung von Schwei\u00dfzusatzmaterial hergestellt werden kann. Es wird niederfrequenter Wechselstrom verwendet. In den letzten Jahren wurde es durch ein Hochfrequenzverfahren ersetzt, das eine hochwertige Schwei\u00dfnaht erzeugt. Die nach diesem Verfahren hergestellten Schwei\u00dfn\u00e4hte korrodieren nicht und entwickeln beim Rohrleitungsbau keine Hakenrisse. Bei der Herstellung von Rohren wird ein Hochfrequenzverfahren verwendet. Hochfrequenzverfahren umfassen Flash-Schwei\u00dfen, Widerstandsprojektionsschwei\u00dfen und Widerstandssto\u00dfschwei\u00dfen.<\/p>\n<p>&nbsp;<\/p>\n<p><strong>Vorteile<\/strong><\/p>\n<p>Es gibt unz\u00e4hlige Vorteile der Widerstandsschwei\u00dfarbeit, um sie in der Industrie und im kommerziellen Ma\u00dfstab einzusetzen. Diese Vorteile haben die Verwendung in jedem Bereich erh\u00f6ht.<\/p>\n<ul>\n<li>Die Schwei\u00dfgeschwindigkeit ist hoch<\/li>\n<li>Es sind keine Flussmittel oder Schutzgase erforderlich<\/li>\n<li>Die Produktionsrate ist hoch<\/li>\n<li>Die Methode ist einfach und erfordert keine gelehrten Fachkr\u00e4fte<\/li>\n<li>Alle Arten von Metallen k\u00f6nnen geschwei\u00dft werden.<\/li>\n<\/ul>\n","protected":false},"excerpt":{"rendered":"<p>Das Widerstandsschwei\u00dfen ist ein Prozess, bei dem W\u00e4rme an der Kontaktfl\u00e4che erzeugt wird, indem elektrischer Strom durch sie geleitet wird. Die Durchf\u00fchrung erfolgt unter Kontrolle von Zeit und Druck. Der Begriff leitet sich aus der Tatsache ab, dass der Widerstand zwischen Werkst\u00fcck und Elektroden zur Erzeugung der W\u00e4rme an der Kontaktfl\u00e4che verwendet wird. Diese Technologie [&hellip;]<\/p>\n","protected":false},"author":2,"featured_media":0,"parent":0,"menu_order":0,"comment_status":"closed","ping_status":"closed","template":"content.php","meta":{"_acf_changed":false,"footnotes":""},"class_list":["post-7634","page","type-page","status-publish","hentry"],"acf":[],"yoast_head":"<!-- This site is optimized with the Yoast SEO plugin v26.8 - https:\/\/yoast.com\/product\/yoast-seo-wordpress\/ -->\n<title>Der Widerstandsschweissprozess - Soudax<\/title>\n<meta name=\"description\" content=\"Vertrauen Sie Ihre schwei\u00dfprojekte einem Schwei\u00dfspezialisten an, der jede Montage durchf\u00fchren kann, die Pr\u00e4zision beim Schwei\u00dfen erfordert.\" \/>\n<meta name=\"robots\" content=\"index, follow, max-snippet:-1, max-image-preview:large, max-video-preview:-1\" \/>\n<link rel=\"canonical\" href=\"https:\/\/soudax.com\/de\/der-widerstandsschweissprozess\/\" \/>\n<meta property=\"og:locale\" content=\"de_DE\" \/>\n<meta property=\"og:type\" content=\"article\" \/>\n<meta property=\"og:title\" content=\"Der Widerstandsschweissprozess - Soudax\" \/>\n<meta property=\"og:description\" content=\"Vertrauen Sie Ihre schwei\u00dfprojekte einem Schwei\u00dfspezialisten an, der jede Montage durchf\u00fchren kann, die Pr\u00e4zision beim Schwei\u00dfen erfordert.\" \/>\n<meta property=\"og:url\" content=\"https:\/\/soudax.com\/de\/der-widerstandsschweissprozess\/\" \/>\n<meta property=\"og:site_name\" content=\"Soudax\" \/>\n<meta property=\"article:modified_time\" content=\"2020-05-13T08:55:18+00:00\" \/>\n<meta name=\"twitter:card\" content=\"summary_large_image\" \/>\n<meta name=\"twitter:label1\" content=\"Est. reading time\" \/>\n\t<meta name=\"twitter:data1\" content=\"5 minutes\" \/>\n<script type=\"application\/ld+json\" class=\"yoast-schema-graph\">{\"@context\":\"https:\/\/schema.org\",\"@graph\":[{\"@type\":\"WebPage\",\"@id\":\"https:\/\/soudax.com\/de\/der-widerstandsschweissprozess\/\",\"url\":\"https:\/\/soudax.com\/de\/der-widerstandsschweissprozess\/\",\"name\":\"Der Widerstandsschweissprozess - Soudax\",\"isPartOf\":{\"@id\":\"https:\/\/soudax.com\/de\/#website\"},\"datePublished\":\"2020-05-13T08:49:27+00:00\",\"dateModified\":\"2020-05-13T08:55:18+00:00\",\"description\":\"Vertrauen Sie Ihre schwei\u00dfprojekte einem Schwei\u00dfspezialisten an, der jede Montage durchf\u00fchren kann, die Pr\u00e4zision beim Schwei\u00dfen erfordert.\",\"breadcrumb\":{\"@id\":\"https:\/\/soudax.com\/de\/der-widerstandsschweissprozess\/#breadcrumb\"},\"inLanguage\":\"de-DE\",\"potentialAction\":[{\"@type\":\"ReadAction\",\"target\":[\"https:\/\/soudax.com\/de\/der-widerstandsschweissprozess\/\"]}]},{\"@type\":\"BreadcrumbList\",\"@id\":\"https:\/\/soudax.com\/de\/der-widerstandsschweissprozess\/#breadcrumb\",\"itemListElement\":[{\"@type\":\"ListItem\",\"position\":1,\"name\":\"Home\",\"item\":\"https:\/\/soudax.com\/de\/\"},{\"@type\":\"ListItem\",\"position\":2,\"name\":\"Der Widerstandsschweissprozess\"}]},{\"@type\":\"WebSite\",\"@id\":\"https:\/\/soudax.com\/de\/#website\",\"url\":\"https:\/\/soudax.com\/de\/\",\"name\":\"Soudax\",\"description\":\"Soudax Equipements\",\"publisher\":{\"@id\":\"https:\/\/soudax.com\/de\/#organization\"},\"potentialAction\":[{\"@type\":\"SearchAction\",\"target\":{\"@type\":\"EntryPoint\",\"urlTemplate\":\"https:\/\/soudax.com\/de\/?s={search_term_string}\"},\"query-input\":{\"@type\":\"PropertyValueSpecification\",\"valueRequired\":true,\"valueName\":\"search_term_string\"}}],\"inLanguage\":\"de-DE\"},{\"@type\":\"Organization\",\"@id\":\"https:\/\/soudax.com\/de\/#organization\",\"name\":\"Soudax\",\"url\":\"https:\/\/soudax.com\/de\/\",\"logo\":{\"@type\":\"ImageObject\",\"inLanguage\":\"de-DE\",\"@id\":\"https:\/\/soudax.com\/de\/#\/schema\/logo\/image\/\",\"url\":\"https:\/\/soudax.com\/wp-content\/uploads\/2016\/07\/cropped-SOUDAX_LOGO_C_ROUGE-01-2.jpg\",\"contentUrl\":\"https:\/\/soudax.com\/wp-content\/uploads\/2016\/07\/cropped-SOUDAX_LOGO_C_ROUGE-01-2.jpg\",\"width\":940,\"height\":300,\"caption\":\"Soudax\"},\"image\":{\"@id\":\"https:\/\/soudax.com\/de\/#\/schema\/logo\/image\/\"}}]}<\/script>\n<!-- \/ Yoast SEO plugin. -->","yoast_head_json":{"title":"Der Widerstandsschweissprozess - Soudax","description":"Vertrauen Sie Ihre schwei\u00dfprojekte einem Schwei\u00dfspezialisten an, der jede Montage durchf\u00fchren kann, die Pr\u00e4zision beim Schwei\u00dfen erfordert.","robots":{"index":"index","follow":"follow","max-snippet":"max-snippet:-1","max-image-preview":"max-image-preview:large","max-video-preview":"max-video-preview:-1"},"canonical":"https:\/\/soudax.com\/de\/der-widerstandsschweissprozess\/","og_locale":"de_DE","og_type":"article","og_title":"Der Widerstandsschweissprozess - Soudax","og_description":"Vertrauen Sie Ihre schwei\u00dfprojekte einem Schwei\u00dfspezialisten an, der jede Montage durchf\u00fchren kann, die Pr\u00e4zision beim Schwei\u00dfen erfordert.","og_url":"https:\/\/soudax.com\/de\/der-widerstandsschweissprozess\/","og_site_name":"Soudax","article_modified_time":"2020-05-13T08:55:18+00:00","twitter_card":"summary_large_image","twitter_misc":{"Est. reading time":"5 minutes"},"schema":{"@context":"https:\/\/schema.org","@graph":[{"@type":"WebPage","@id":"https:\/\/soudax.com\/de\/der-widerstandsschweissprozess\/","url":"https:\/\/soudax.com\/de\/der-widerstandsschweissprozess\/","name":"Der Widerstandsschweissprozess - Soudax","isPartOf":{"@id":"https:\/\/soudax.com\/de\/#website"},"datePublished":"2020-05-13T08:49:27+00:00","dateModified":"2020-05-13T08:55:18+00:00","description":"Vertrauen Sie Ihre schwei\u00dfprojekte einem Schwei\u00dfspezialisten an, der jede Montage durchf\u00fchren kann, die Pr\u00e4zision beim Schwei\u00dfen erfordert.","breadcrumb":{"@id":"https:\/\/soudax.com\/de\/der-widerstandsschweissprozess\/#breadcrumb"},"inLanguage":"de-DE","potentialAction":[{"@type":"ReadAction","target":["https:\/\/soudax.com\/de\/der-widerstandsschweissprozess\/"]}]},{"@type":"BreadcrumbList","@id":"https:\/\/soudax.com\/de\/der-widerstandsschweissprozess\/#breadcrumb","itemListElement":[{"@type":"ListItem","position":1,"name":"Home","item":"https:\/\/soudax.com\/de\/"},{"@type":"ListItem","position":2,"name":"Der Widerstandsschweissprozess"}]},{"@type":"WebSite","@id":"https:\/\/soudax.com\/de\/#website","url":"https:\/\/soudax.com\/de\/","name":"Soudax","description":"Soudax Equipements","publisher":{"@id":"https:\/\/soudax.com\/de\/#organization"},"potentialAction":[{"@type":"SearchAction","target":{"@type":"EntryPoint","urlTemplate":"https:\/\/soudax.com\/de\/?s={search_term_string}"},"query-input":{"@type":"PropertyValueSpecification","valueRequired":true,"valueName":"search_term_string"}}],"inLanguage":"de-DE"},{"@type":"Organization","@id":"https:\/\/soudax.com\/de\/#organization","name":"Soudax","url":"https:\/\/soudax.com\/de\/","logo":{"@type":"ImageObject","inLanguage":"de-DE","@id":"https:\/\/soudax.com\/de\/#\/schema\/logo\/image\/","url":"https:\/\/soudax.com\/wp-content\/uploads\/2016\/07\/cropped-SOUDAX_LOGO_C_ROUGE-01-2.jpg","contentUrl":"https:\/\/soudax.com\/wp-content\/uploads\/2016\/07\/cropped-SOUDAX_LOGO_C_ROUGE-01-2.jpg","width":940,"height":300,"caption":"Soudax"},"image":{"@id":"https:\/\/soudax.com\/de\/#\/schema\/logo\/image\/"}}]}},"_links":{"self":[{"href":"https:\/\/soudax.com\/de\/wp-json\/wp\/v2\/pages\/7634","targetHints":{"allow":["GET"]}}],"collection":[{"href":"https:\/\/soudax.com\/de\/wp-json\/wp\/v2\/pages"}],"about":[{"href":"https:\/\/soudax.com\/de\/wp-json\/wp\/v2\/types\/page"}],"author":[{"embeddable":true,"href":"https:\/\/soudax.com\/de\/wp-json\/wp\/v2\/users\/2"}],"replies":[{"embeddable":true,"href":"https:\/\/soudax.com\/de\/wp-json\/wp\/v2\/comments?post=7634"}],"version-history":[{"count":3,"href":"https:\/\/soudax.com\/de\/wp-json\/wp\/v2\/pages\/7634\/revisions"}],"predecessor-version":[{"id":7638,"href":"https:\/\/soudax.com\/de\/wp-json\/wp\/v2\/pages\/7634\/revisions\/7638"}],"wp:attachment":[{"href":"https:\/\/soudax.com\/de\/wp-json\/wp\/v2\/media?parent=7634"}],"curies":[{"name":"wp","href":"https:\/\/api.w.org\/{rel}","templated":true}]}}